{"id":10379,"date":"2024-10-31T13:41:25","date_gmt":"2024-10-31T13:41:25","guid":{"rendered":"https:\/\/www.merlin.be\/moderne-keukens\/"},"modified":"2025-02-28T13:41:24","modified_gmt":"2025-02-28T13:41:24","slug":"cuisines-modernes","status":"publish","type":"page","link":"https:\/\/www.merlin.be\/fr\/cuisines\/cuisines-modernes\/","title":{"rendered":"Cuisines modernes"},"content":{"rendered":"<section class=\"l-section wpb_row height_medium\"><div class=\"l-section-h i-cf\"><div class=\"g-cols vc_row via_flex valign_top type_default stacking_default\"><div class=\"vc_col-sm-12 wpb_column vc_column_container\"><div class=\"vc_column-inner\"><div class=\"wpb_wrapper\"><nav class=\"g-breadcrumbs separator_icon align_none\" itemscope itemtype=\"http:\/\/schema.org\/BreadcrumbList\"><div class=\"g-breadcrumbs-item\">Pages<\/div><\/nav><div class=\"w-separator size_small\"><\/div><div class=\"g-cols wpb_row txtballoon mobilemessagespacerhead via_flex valign_top type_default stacking_default\"><div class=\"vc_col-sm-1 vc_hidden-xs wpb_column vc_column_container\"><div class=\"vc_column-inner\"><div class=\"wpb_wrapper\"><\/div><\/div><\/div><div class=\"vc_col-sm-11 wpb_column vc_column_container\"><div class=\"vc_column-inner\"><div class=\"wpb_wrapper\"><div class=\"wpb_text_column txtbold\"><div class=\"wpb_wrapper\"><h1>Cuisines modernes<\/h1>\n<\/div><\/div><div class=\"w-image triangle align_none\"><div class=\"w-image-h\"><img decoding=\"async\" width=\"1024\" height=\"1024\" src=\"https:\/\/www.merlin.be\/wp-content\/uploads\/2024\/11\/Polygon-2.svg\" class=\"attachment-large size-large\" alt=\"\" loading=\"lazy\" \/><\/div><\/div><\/div><\/div><\/div><\/div><div class=\"g-cols wpb_row via_flex valign_top type_default stacking_default\"><div class=\"vc_col-sm-1 wpb_column vc_column_container\"><div class=\"vc_column-inner\"><div class=\"wpb_wrapper\"><\/div><\/div><\/div><div class=\"vc_col-sm-7 wpb_column vc_column_container\"><div class=\"vc_column-inner\"><div class=\"wpb_wrapper\"><div class=\"wpb_text_column\"><div class=\"wpb_wrapper\"><p><span style=\"font-weight: 400;\">Chez MERLIN CUISINES MEUBLES, vous trouverez des cuisines modernes qui allient harmonieusement design et fonctionnalit\u00e9. Nos cuisines modernes sont con\u00e7ues pour ceux qui aiment les lignes \u00e9pur\u00e9es, les solutions innovantes et l&rsquo;esth\u00e9tique.<\/span><\/p>\n<p><strong>La beaut\u00e9 dans la simplicit\u00e9<br \/>\n<\/strong><span style=\"font-weight: 400;\">Nos cuisines modernes sont la quintessence du design contemporain. Mettant l&rsquo;accent sur la simplicit\u00e9 et la commodit\u00e9 au quotidien, nos cuisines offrent un espace de cuisson spacieux et organis\u00e9, \u00e0 la fois \u00e9l\u00e9gant et pratique. Les surfaces lisses et les armoires aux lignes fluides cr\u00e9ent une atmosph\u00e8re apaisante et \u00e9pur\u00e9e qui s&rsquo;int\u00e8gre dans n&rsquo;importe quelle maison moderne.<\/span><\/p>\n<\/div><\/div><div class=\"w-separator size_small\"><\/div><div class=\"w-btn-wrapper align_none\"><a class=\"w-btn us-btn-style_2\" href=\"https:\/\/www.merlin.be\/fr\/cuisines\/cuisines-modernes\/#meubles\"><span class=\"w-btn-label\">D\u00e9couvrez nos cuisines modernes<\/span><\/a><\/div><\/div><\/div><\/div><div class=\"vc_col-sm-4 wpb_column vc_column_container\"><div class=\"vc_column-inner\"><div class=\"wpb_wrapper\"><\/div><\/div><\/div><\/div><\/div><\/div><\/div><\/div><\/div><\/section><section class=\"l-section wpb_row us_custom_08449e4a height_large\" id=\"meubles\"><div class=\"l-section-h i-cf\"><div class=\"g-cols vc_row via_flex valign_top type_default stacking_default\"><div class=\"vc_col-sm-12 wpb_column vc_column_container\"><div class=\"vc_column-inner\"><div class=\"wpb_wrapper\"><div class=\"g-cols wpb_row us_custom_cccfa03e mobilemessagespacerhead has_text_color via_flex valign_top type_default stacking_default\"><div class=\"vc_col-sm-12 wpb_column vc_column_container\"><div class=\"vc_column-inner\"><div class=\"wpb_wrapper\"><div class=\"wpb_text_column us_custom_a5c88937 txtbold\"><div class=\"wpb_wrapper\"><h4>UN LARGE CHOIX POUR TOUS LES BUDGETS<\/h4>\n<\/div><\/div><div class=\"w-image triangle-right align_none\"><div class=\"w-image-h\"><img decoding=\"async\" width=\"1024\" height=\"1024\" src=\"https:\/\/www.merlin.be\/wp-content\/uploads\/2024\/11\/Polygon.svg\" class=\"attachment-large size-large\" alt=\"\" loading=\"lazy\" \/><\/div><\/div><\/div><\/div><\/div><\/div><div class=\"w-grid us_grid type_grid layout_452 cols_4 pagination_ajax preload_style_spinner\" id=\"us_grid_1\" style=\"--columns:4;--gap:1.5rem;\" data-filterable=\"true\"><style>@media (max-width:1380px){#us_grid_1{--columns:3!important}}@media (max-width:1024px){#us_grid_1{--columns:2!important}}@media (max-width:767px){#us_grid_1{--columns:2!important}}.layout_452 .w-grid-item-h{}.layout_452 .usg_post_image_1{border-radius:1em!important}.layout_452 .usg_post_title_1{color:var(--color-white)!important;font-size:25px!important;font-weight:400!important;width:90%!important;padding-top:10px!important;padding-bottom:10px!important;border-radius:10px!important;position:absolute!important;left:0px!important;bottom:-27px!important;right:0px!important;margin:auto!important;background:var(--color-blue)!important}.layout_452 .usg_post_custom_field_1{margin-top:50px!important;margin-bottom:20px!important}.layout_452 .usg_text_1{color:var(--color-red)!important;position:absolute!important;left:0px!important;bottom:20px!important}.layout_452 .usg_vwrapper_2{padding-bottom:50px!important}<\/style><div class=\"w-grid-list\">\t<article class=\"w-grid-item size_1x1 post-9685 meubel type-meubel status-publish has-post-thumbnail hentry meubel-type-cuisines-modernes\" data-id=\"9685\">\r\n\t\t<div class=\"w-grid-item-h\">\r\n\t\t\t\t\t\t\t<a href=\"https:\/\/www.merlin.be\/fr\/meuble\/cuisines-modernes\/\" class=\"w-grid-item-anchor\" aria-label=\"Cuisines modernes\"><\/a>\r\n\t\t\t\t\t\t<div class=\"w-vwrapper usg_vwrapper_1 align_none valign_middle\" style=\"--vwrapper-gap:0rem\"><div class=\"w-post-elm post_image usg_post_image_1 has_ratio\"><img loading=\"lazy\" decoding=\"async\" width=\"2000\" height=\"940\" src=\"https:\/\/www.merlin.be\/wp-content\/uploads\/2025\/01\/Cuisine-Moderne-ART-2-1.jpg\" class=\"attachment-full size-full wp-post-image\" alt=\"\" \/><div style=\"padding-bottom:100%\"><\/div><\/div><h4 class=\"w-post-elm post_title usg_post_title_1 has_text_color align_center entry-title\">Cuisines modernes<\/h4><\/div><div class=\"w-vwrapper usg_vwrapper_2 align_none valign_top\"><p class=\"w-post-elm post_custom_field usg_post_custom_field_1 type_text short_title\"><span class=\"w-post-elm-value\"><\/span><\/p><\/div><p class=\"w-text usg_text_1 pushright has_text_color icon_atright\"><span class=\"w-text-h\"><span class=\"w-text-value\">Plus infos<\/span><i class=\"fal fa-arrow-right\"><\/i><\/span><\/p>\t\t<\/div>\r\n\t\t\t<\/article>\r\n<\/div>\t<div class=\"w-grid-preloader\">\r\n\t\t<div class=\"g-preloader type_1\">\r\n\t\t\t<div><\/div>\r\n\t\t<\/div>\r\n\t<\/div>\r\n\t\t<div class=\"w-grid-json hidden\" onclick='return {&quot;action&quot;:&quot;us_ajax_grid&quot;,&quot;infinite_scroll&quot;:0,&quot;max_num_pages&quot;:1,&quot;pagination&quot;:&quot;ajax&quot;,&quot;template_vars&quot;:{&quot;columns&quot;:&quot;4&quot;,&quot;exclude_items&quot;:&quot;none&quot;,&quot;img_size&quot;:&quot;default&quot;,&quot;ignore_items_size&quot;:0,&quot;items_layout&quot;:&quot;452&quot;,&quot;items_offset&quot;:&quot;1&quot;,&quot;load_animation&quot;:&quot;none&quot;,&quot;overriding_link&quot;:&quot;%7B%22type%22%3A%22post%22%7D&quot;,&quot;post_id&quot;:0,&quot;query_args&quot;:{&quot;post_type&quot;:[&quot;meubel&quot;],&quot;tax_query&quot;:[{&quot;taxonomy&quot;:&quot;meubel-type&quot;,&quot;field&quot;:&quot;slug&quot;,&quot;terms&quot;:[&quot;moderne-keukens&quot;]}],&quot;post_status&quot;:[&quot;publish&quot;,&quot;acf-disabled&quot;],&quot;posts_per_page&quot;:&quot;8&quot;},&quot;orderby_query_args&quot;:{&quot;orderby&quot;:{&quot;title&quot;:&quot;ASC&quot;},&quot;order&quot;:&quot;ASC&quot;},&quot;type&quot;:&quot;grid&quot;,&quot;us_grid_post_type&quot;:&quot;meubel&quot;,&quot;us_grid_ajax_index&quot;:1,&quot;us_grid_filter_query_string&quot;:null,&quot;us_grid_index&quot;:1,&quot;page_args&quot;:[],&quot;lang&quot;:&quot;fr&quot;}}'><\/div>\r\n\t<\/div><\/div><\/div><\/div><\/div><\/div><\/section><section class=\"l-section wpb_row us_custom_e11ab399 height_large\"><div class=\"l-section-h i-cf\"><div class=\"g-cols vc_row via_flex valign_top type_default stacking_default\" style=\"--additional-gap:20px;\"><div class=\"vc_col-sm-7 wpb_column vc_column_container has_bg_color stretched\"><div class=\"vc_column-inner us_custom_4d43bc22\"><div class=\"wpb_wrapper\"><\/div><\/div><\/div><div class=\"vc_col-sm-5 wpb_column vc_column_container\"><div class=\"vc_column-inner\"><div class=\"wpb_wrapper\"><div class=\"wpb_text_column us_custom_8807eb22 has_text_color\"><div class=\"wpb_wrapper\"><h2>Technologie et Innovation<\/h2>\n<\/div><\/div><div class=\"w-separator size_medium\"><\/div><div class=\"g-cols wpb_row us_custom_5b8eb5a9 has_text_color via_flex valign_top type_boxes stacking_default\"><div class=\"vc_col-sm-12 wpb_column vc_column_container\"><div class=\"vc_column-inner\"><div class=\"wpb_wrapper\"><div class=\"w-image triangle2 align_none\"><div class=\"w-image-h\"><img decoding=\"async\" width=\"1024\" height=\"1024\" src=\"https:\/\/www.merlin.be\/wp-content\/uploads\/2024\/11\/Polygon.svg\" class=\"attachment-large size-large\" alt=\"\" loading=\"lazy\" \/><\/div><\/div><div class=\"wpb_text_column txtbold\"><div class=\"wpb_wrapper\"><p><span style=\"font-weight: 400;\">Profitez des derni\u00e8res innovations technologiques avec nos cuisines modernes. Des appareils intelligents int\u00e9gr\u00e9s pour vous aider \u00e0 cuisiner aux mat\u00e9riaux durables \u00e0 la fois beaux et \u00e9cologiques, nos cuisines sont con\u00e7ues pour r\u00e9pondre \u00e0 toutes vos exigences en mati\u00e8re de confort et de fonctionnalit\u00e9.<\/span><\/p>\n<\/div><\/div><\/div><\/div><\/div><\/div><div class=\"w-separator size_small\"><\/div><div class=\"w-btn-wrapper align_none\"><a class=\"w-btn us-btn-style_3\" href=\"https:\/\/www.merlin.be\/fr\/contact\/\"><span class=\"w-btn-label\">Se rendre dans notre salle d&rsquo;exposition<\/span><\/a><\/div><\/div><\/div><\/div><\/div><\/div><\/section><section class=\"l-section wpb_row redquote height_large\"><div class=\"l-section-h i-cf\"><div class=\"g-cols vc_row via_flex valign_top type_default stacking_default\"><div class=\"vc_col-sm-12 wpb_column vc_column_container mobilespacer\"><div class=\"vc_column-inner\"><div class=\"wpb_wrapper\"><div class=\"wpb_text_column\"><div class=\"wpb_wrapper\"><h4>Adapt\u00e9 \u00e0 votre style de vie<\/h4>\n<p>Chaque cuisine moderne que nous proposons peut \u00eatre enti\u00e8rement personnalis\u00e9e en fonction de vos besoins sp\u00e9cifiques. Que vous disposiez d&rsquo;un grand espace ou que vous deviez travailler dans un environnement compact, nous concevrons une cuisine qui tirera le meilleur parti de chaque m\u00e8tre carr\u00e9. Nos experts travailleront en \u00e9troite collaboration avec vous pour cr\u00e9er un espace qui soit non seulement beau, mais aussi parfaitement adapt\u00e9 \u00e0 votre mode de vie.<\/p>\n<\/div><\/div><\/div><\/div><\/div><\/div><\/div><\/section><section class=\"l-section wpb_row us_custom_08449e4a height_medium\"><div class=\"l-section-h i-cf\"><div class=\"g-cols vc_row via_flex valign_top type_default stacking_default\"><div class=\"vc_col-sm-12 wpb_column vc_column_container\"><div class=\"vc_column-inner\"><div class=\"wpb_wrapper\"><div class=\"g-cols wpb_row us_custom_8124ac23 mobilemessagespacerhead has_text_color via_flex valign_top type_default stacking_default\"><div class=\"vc_col-sm-12 wpb_column vc_column_container\"><div class=\"vc_column-inner\"><div class=\"wpb_wrapper\"><div class=\"wpb_text_column txtbold\"><div class=\"wpb_wrapper\"><h2>Voir notre vaste gamme de cuisines<\/h2>\n<\/div><\/div><div class=\"w-image triangle align_none\"><div class=\"w-image-h\"><img decoding=\"async\" width=\"1024\" height=\"1024\" src=\"https:\/\/www.merlin.be\/wp-content\/uploads\/2024\/11\/Polygon.svg\" class=\"attachment-large size-large\" alt=\"\" loading=\"lazy\" \/><\/div><\/div><\/div><\/div><\/div><\/div><div class=\"g-cols wpb_row via_flex valign_top type_default stacking_default\"><div class=\"vc_col-sm-3 wpb_column vc_column_container pushright\"><div class=\"vc_column-inner\"><div class=\"wpb_wrapper\"><div class=\"w-iconbox us_custom_3090c82c iconpos_right style_default color_contrast align_none no_text\"><div class=\"w-iconbox-meta\"><p class=\"w-iconbox-title\"><a href=\"https:\/\/www.merlin.be\/fr\/cuisines\/equipement-de-cuisine\/\" class=\"w-iconbox-link\" aria-label=\"Appareils \u00e9lectrom\u00e9nagers\">Appareils \u00e9lectrom\u00e9nagers<\/a><\/p><\/div><a href=\"https:\/\/www.merlin.be\/fr\/cuisines\/equipement-de-cuisine\/\" class=\"w-iconbox-link\" aria-label=\"Appareils \u00e9lectrom\u00e9nagers\"><div class=\"w-iconbox-icon\" style=\"font-size:1rem;\"><i class=\"fal fa-arrow-right\"><\/i><\/div><\/a><\/div><div class=\"w-iconbox us_custom_3090c82c iconpos_right style_default color_contrast align_none no_text\"><div class=\"w-iconbox-meta\"><p class=\"w-iconbox-title\"><a href=\"https:\/\/www.merlin.be\/fr\/cuisines\/cuisines-campagnardes\/\" class=\"w-iconbox-link\" aria-label=\"Cuisines campagnardes\">Cuisines campagnardes<\/a><\/p><\/div><a href=\"https:\/\/www.merlin.be\/fr\/cuisines\/cuisines-campagnardes\/\" class=\"w-iconbox-link\" aria-label=\"Cuisines campagnardes\"><div class=\"w-iconbox-icon\" style=\"font-size:1rem;\"><i class=\"fal fa-arrow-right\"><\/i><\/div><\/a><\/div><div class=\"w-iconbox us_custom_3090c82c iconpos_right style_default color_contrast align_none no_text\"><div class=\"w-iconbox-meta\"><p class=\"w-iconbox-title\"><a href=\"https:\/\/www.merlin.be\/fr\/cuisines\/la-cuisine-de-vos-reves-de-lidee-a-linstallation\/\" class=\"w-iconbox-link\" aria-label=\"La cuisine de vos r\u00eaves\">La cuisine de vos r\u00eaves<\/a><\/p><\/div><a href=\"https:\/\/www.merlin.be\/fr\/cuisines\/la-cuisine-de-vos-reves-de-lidee-a-linstallation\/\" class=\"w-iconbox-link\" aria-label=\"La cuisine de vos r\u00eaves\"><div class=\"w-iconbox-icon\" style=\"font-size:1rem;\"><i class=\"fal fa-arrow-right\"><\/i><\/div><\/a><\/div><div class=\"wpb_text_column us_custom_39d3b7fd has_text_color\"><div class=\"wpb_wrapper\"><p><a href=\"https:\/\/www.merlin.be\/fr\/cuisines\/\">Notre gamme compl\u00e8te &#8230;<\/a><\/p>\n<\/div><\/div><\/div><\/div><\/div><div class=\"vc_col-sm-9 wpb_column vc_column_container\"><div class=\"vc_column-inner\"><div class=\"wpb_wrapper\"><div class=\"w-grid us_carousel type_carousel layout_205 homecar preload_style_spinner items_4\" id=\"us_grid_2\" style=\"--items:4;--gap:1rem;\"><style>.layout_205 .w-grid-item-h{}.layout_205 .usg_post_image_2{transition-duration:0.3s;transform-origin:50% 50%;transform:scale(1) translate(0%,0%)}.layout_205 .w-grid-item-h:focus-within .usg_post_image_2,.layout_205 .w-grid-item-h:hover .usg_post_image_2{transform:scale(1.2) translate(0%,0%);opacity:1}.layout_205 .usg_post_title_1{font-size:16px!important}.layout_205 .usg_post_image_2{border-radius:1em!important}.layout_205 .usg_vwrapper_2{border-radius:1em!important}<\/style><div class=\"w-grid-list owl-carousel valign_stretch dotstyle_circle navstyle_circle arrows-ver-pos_middle arrows-hor-pos_on_sides_outside arrows-disabled_hide owl-responsive-2000 with_arrows\" style=\"--transition-duration:350ms;--arrows-size:1.5rem;--arrows-hor-offset:calc(0px + 1rem);--arrows-gap:10px;\">\t<article class=\"w-grid-item post-10378 page type-page status-publish has-post-thumbnail hentry\" data-id=\"10378\">\r\n\t\t<div class=\"w-grid-item-h\">\r\n\t\t\t\t\t\t<div class=\"w-vwrapper usg_vwrapper_1 align_none valign_top has-link\"><div class=\"w-vwrapper usg_vwrapper_2 overflowouter align_none valign_top\"><div class=\"w-post-elm post_image usg_post_image_2 has_ratio\"><img loading=\"lazy\" decoding=\"async\" width=\"1024\" height=\"724\" src=\"https:\/\/www.merlin.be\/wp-content\/uploads\/2025\/01\/Cuisine-Campagne-RP-2-1-1024x724.jpg\" class=\"attachment-large size-large wp-post-image\" alt=\"\" \/><div style=\"padding-bottom:150%\"><\/div><\/div><\/div><p class=\"w-post-elm post_title usg_post_title_1 entry-title color_link_inherit\">Cuisines campagnardes<\/p><a href=\"https:\/\/www.merlin.be\/fr\/cuisines\/cuisines-campagnardes\/\" class=\"w-vwrapper-link smooth-scroll\" aria-label=\"Lien\"><\/a><\/div>\t\t<\/div>\r\n\t\t\t<\/article>\r\n\t<article class=\"w-grid-item post-10376 page type-page status-publish has-post-thumbnail hentry\" data-id=\"10376\">\r\n\t\t<div class=\"w-grid-item-h\">\r\n\t\t\t\t\t\t<div class=\"w-vwrapper usg_vwrapper_1 align_none valign_top has-link\"><div class=\"w-vwrapper usg_vwrapper_2 overflowouter align_none valign_top\"><div class=\"w-post-elm post_image usg_post_image_2 has_ratio\"><img loading=\"lazy\" decoding=\"async\" width=\"1024\" height=\"481\" src=\"https:\/\/www.merlin.be\/wp-content\/uploads\/2025\/01\/Cuisine-Moderne-ART-7-1-1024x481.jpg\" class=\"attachment-large size-large wp-post-image\" alt=\"\" \/><div style=\"padding-bottom:150%\"><\/div><\/div><\/div><p class=\"w-post-elm post_title usg_post_title_1 entry-title color_link_inherit\">La cuisine de vos r\u00eaves : de l&rsquo;id\u00e9e \u00e0 l&rsquo;installation<\/p><a href=\"https:\/\/www.merlin.be\/fr\/cuisines\/la-cuisine-de-vos-reves-de-lidee-a-linstallation\/\" class=\"w-vwrapper-link smooth-scroll\" aria-label=\"Lien\"><\/a><\/div>\t\t<\/div>\r\n\t\t\t<\/article>\r\n\t<article class=\"w-grid-item post-10377 page type-page status-publish has-post-thumbnail hentry\" data-id=\"10377\">\r\n\t\t<div class=\"w-grid-item-h\">\r\n\t\t\t\t\t\t<div class=\"w-vwrapper usg_vwrapper_1 align_none valign_top has-link\"><div class=\"w-vwrapper usg_vwrapper_2 overflowouter align_none valign_top\"><div class=\"w-post-elm post_image usg_post_image_2 has_ratio\"><img loading=\"lazy\" decoding=\"async\" width=\"1024\" height=\"481\" src=\"https:\/\/www.merlin.be\/wp-content\/uploads\/2025\/01\/Cuisine-Campagne-ART-2-1-1024x481.jpg\" class=\"attachment-large size-large wp-post-image\" alt=\"\" \/><div style=\"padding-bottom:150%\"><\/div><\/div><\/div><p class=\"w-post-elm post_title usg_post_title_1 entry-title color_link_inherit\">Appareils \u00e9lectrom\u00e9nagers<\/p><a href=\"https:\/\/www.merlin.be\/fr\/cuisines\/equipement-de-cuisine\/\" class=\"w-vwrapper-link smooth-scroll\" aria-label=\"Lien\"><\/a><\/div>\t\t<\/div>\r\n\t\t\t<\/article>\r\n<\/div><div class=\"w-grid-carousel-json hidden\" onclick='return {&quot;carousel_settings&quot;:{&quot;aria_labels&quot;:{&quot;prev&quot;:&quot;Pr\\u00e9c\\u00e9dent&quot;,&quot;next&quot;:&quot;Suivant&quot;},&quot;autoplayContinual&quot;:false,&quot;autoplayHoverPause&quot;:false,&quot;autoplayTimeout&quot;:3000,&quot;autoWidth&quot;:false,&quot;smartSpeed&quot;:350,&quot;margin&quot;:0,&quot;mouseDrag&quot;:true,&quot;rtl&quot;:false,&quot;slideBy&quot;:&quot;1&quot;,&quot;touchDrag&quot;:true,&quot;slideTransition&quot;:&quot;&quot;,&quot;responsive&quot;:{&quot;0&quot;:{&quot;autoHeight&quot;:false,&quot;autoplay&quot;:false,&quot;autoWidth&quot;:false,&quot;center&quot;:false,&quot;dots&quot;:false,&quot;items&quot;:2,&quot;loop&quot;:false,&quot;nav&quot;:true,&quot;stagePadding&quot;:0,&quot;slideBy&quot;:&quot;1&quot;},&quot;768&quot;:{&quot;autoHeight&quot;:false,&quot;autoplay&quot;:false,&quot;autoWidth&quot;:false,&quot;center&quot;:false,&quot;dots&quot;:false,&quot;items&quot;:2,&quot;loop&quot;:false,&quot;nav&quot;:true,&quot;stagePadding&quot;:0,&quot;slideBy&quot;:&quot;1&quot;},&quot;1025&quot;:{&quot;autoHeight&quot;:false,&quot;autoplay&quot;:false,&quot;autoWidth&quot;:false,&quot;center&quot;:false,&quot;dots&quot;:false,&quot;items&quot;:3,&quot;loop&quot;:false,&quot;nav&quot;:true,&quot;stagePadding&quot;:0,&quot;slideBy&quot;:&quot;1&quot;},&quot;1381&quot;:{&quot;items&quot;:4,&quot;autoplay&quot;:false,&quot;center&quot;:false,&quot;dots&quot;:false,&quot;nav&quot;:true,&quot;autoHeight&quot;:false,&quot;autoWidth&quot;:false,&quot;loop&quot;:false,&quot;stagePadding&quot;:0}}}}'><\/div><\/div><\/div><\/div><\/div><\/div><div class=\"w-separator size_small\"><\/div><div class=\"g-cols wpb_row via_flex valign_top type_default stacking_default\"><div class=\"vc_col-sm-3 wpb_column vc_column_container\"><div class=\"vc_column-inner\"><div class=\"wpb_wrapper\"><\/div><\/div><\/div><div class=\"vc_col-sm-9 wpb_column vc_column_container\"><div class=\"vc_column-inner\"><div class=\"wpb_wrapper\"><div class=\"wpb_text_column us_custom_39d3b7fd txtbold has_text_color\"><div class=\"wpb_wrapper\"><h2>D\u00e9couvrez plus dans notre salle d&rsquo;exposition<\/h2>\n<\/div><\/div><div class=\"w-separator size_small\"><\/div><div class=\"wpb_text_column txtbold\"><div class=\"wpb_wrapper\"><p><span style=\"font-weight: 400;\">Visitez notre showroom pour d\u00e9couvrir l&rsquo;\u00e9l\u00e9gance et le confort de nos cuisines modernes. Notre \u00e9quipe est pr\u00eate \u00e0 vous aider \u00e0 trouver la cuisine parfaite pour votre style de vie moderne. D\u00e9couvrez par vous-m\u00eame le prix imbattable, la qualit\u00e9 et l&rsquo;innovation que MERLIN CUISINES MEUBLES peut vous offrir.<\/span><\/p>\n<\/div><\/div><\/div><\/div><\/div><\/div><\/div><\/div><\/div><\/div><\/div><\/section>\n","protected":false},"excerpt":{"rendered":"PagesAppareils \u00e9lectrom\u00e9nagers Chez MERLIN CUISINES MEUBLES, nous comprenons que chacun a ses propres exigences lorsqu&rsquo;il s&rsquo;agit de composer la cuisine id\u00e9ale. C&rsquo;est pourquoi nous ne proposons pas seulement des cuisines compl\u00e8tes, mais vous pouvez \u00e9galement venir chez nous pour acheter chaque appareil individuellement. Que vous recherchiez un four de haute qualit\u00e9, une plaque de cuisson...","protected":false},"author":1,"featured_media":6352,"parent":10380,"menu_order":2,"comment_status":"closed","ping_status":"closed","template":"","meta":{"_acf_changed":false,"footnotes":""},"class_list":["post-10379","page","type-page","status-publish","has-post-thumbnail","hentry"],"acf":[],"_links":{"self":[{"href":"https:\/\/www.merlin.be\/fr\/wp-json\/wp\/v2\/pages\/10379","targetHints":{"allow":["GET"]}}],"collection":[{"href":"https:\/\/www.merlin.be\/fr\/wp-json\/wp\/v2\/pages"}],"about":[{"href":"https:\/\/www.merlin.be\/fr\/wp-json\/wp\/v2\/types\/page"}],"author":[{"embeddable":true,"href":"https:\/\/www.merlin.be\/fr\/wp-json\/wp\/v2\/users\/1"}],"replies":[{"embeddable":true,"href":"https:\/\/www.merlin.be\/fr\/wp-json\/wp\/v2\/comments?post=10379"}],"version-history":[{"count":9,"href":"https:\/\/www.merlin.be\/fr\/wp-json\/wp\/v2\/pages\/10379\/revisions"}],"predecessor-version":[{"id":10724,"href":"https:\/\/www.merlin.be\/fr\/wp-json\/wp\/v2\/pages\/10379\/revisions\/10724"}],"up":[{"embeddable":true,"href":"https:\/\/www.merlin.be\/fr\/wp-json\/wp\/v2\/pages\/10380"}],"wp:featuredmedia":[{"embeddable":true,"href":"https:\/\/www.merlin.be\/fr\/wp-json\/wp\/v2\/media\/6352"}],"wp:attachment":[{"href":"https:\/\/www.merlin.be\/fr\/wp-json\/wp\/v2\/media?parent=10379"}],"curies":[{"name":"wp","href":"https:\/\/api.w.org\/{rel}","templated":true}]}}