{"id":10364,"date":"2024-10-31T13:46:25","date_gmt":"2024-10-31T13:46:25","guid":{"rendered":"https:\/\/www.merlin.be\/matrassen\/"},"modified":"2025-12-19T09:01:31","modified_gmt":"2025-12-19T09:01:31","slug":"matelas","status":"publish","type":"page","link":"https:\/\/www.merlin.be\/fr\/dormir\/matelas\/","title":{"rendered":"Matelas"},"content":{"rendered":"<section class=\"l-section wpb_row height_medium\"><div class=\"l-section-h i-cf\"><div class=\"g-cols vc_row via_flex valign_top type_default stacking_default\"><div class=\"vc_col-sm-12 wpb_column vc_column_container\"><div class=\"vc_column-inner\"><div class=\"wpb_wrapper\"><nav class=\"g-breadcrumbs separator_icon align_none\" itemscope itemtype=\"http:\/\/schema.org\/BreadcrumbList\"><div class=\"g-breadcrumbs-item\">Pages<\/div><\/nav><div class=\"w-separator size_small\"><\/div><div class=\"g-cols wpb_row txtballoon mobilemessagespacerhead via_flex valign_top type_default stacking_default\"><div class=\"vc_col-sm-1 vc_hidden-xs wpb_column vc_column_container\"><div class=\"vc_column-inner\"><div class=\"wpb_wrapper\"><\/div><\/div><\/div><div class=\"vc_col-sm-11 wpb_column vc_column_container\"><div class=\"vc_column-inner\"><div class=\"wpb_wrapper\"><div class=\"wpb_text_column txtbold\"><div class=\"wpb_wrapper\"><h1>Matelas<\/h1>\n<\/div><\/div><div class=\"w-image triangle align_none\"><div class=\"w-image-h\"><img decoding=\"async\" width=\"1024\" height=\"1024\" src=\"https:\/\/www.merlin.be\/wp-content\/uploads\/2024\/11\/Polygon-2.svg\" class=\"attachment-large size-large\" alt=\"\" loading=\"lazy\" \/><\/div><\/div><\/div><\/div><\/div><\/div><div class=\"g-cols wpb_row via_flex valign_top type_default stacking_default\"><div class=\"vc_col-sm-1 wpb_column vc_column_container\"><div class=\"vc_column-inner\"><div class=\"wpb_wrapper\"><\/div><\/div><\/div><div class=\"vc_col-sm-7 wpb_column vc_column_container\"><div class=\"vc_column-inner\"><div class=\"wpb_wrapper\"><div class=\"wpb_text_column\"><div class=\"wpb_wrapper\"><p>Chez Merlin Meubles Cuisines, nous avons \u00e0 c\u0153ur de vous offrir un confort de sommeil optimal. C&rsquo;est pourquoi nous collaborons avec Revor, Jaritex et Duvatex, trois marques belges reconnues pour leur savoir-faire, leurs technologies innovantes et leurs mat\u00e9riaux haut de gamme. Gr\u00e2ce \u00e0 ce partenariat, nous vous proposons un choix encore plus vaste de matelas, pour vous garantir de trouver celui qui vous offrira une nuit de sommeil r\u00e9paratrice.<\/p>\n<\/div><\/div><\/div><\/div><\/div><div class=\"vc_col-sm-4 wpb_column vc_column_container\"><div class=\"vc_column-inner\"><div class=\"wpb_wrapper\"><\/div><\/div><\/div><\/div><div class=\"w-separator size_small\"><\/div><div class=\"g-cols wpb_row via_flex valign_top type_default stacking_default\"><div class=\"vc_col-sm-1 wpb_column vc_column_container\"><div class=\"vc_column-inner\"><div class=\"wpb_wrapper\"><\/div><\/div><\/div><div class=\"vc_col-sm-11 wpb_column vc_column_container\"><div class=\"vc_column-inner\"><div class=\"wpb_wrapper\"><div class=\"w-hwrapper valign_middle wrap stack_on_mobiles align_none\" style=\"--hwrapper-gap:1.5rem\"><div class=\"w-image us_custom_bc431e2b align_none\"><div class=\"w-image-h\"><img decoding=\"async\" width=\"300\" height=\"168\" src=\"https:\/\/www.merlin.be\/wp-content\/uploads\/2025\/12\/logo_revor.jpg\" class=\"attachment-large size-large\" alt=\"\" loading=\"lazy\" \/><\/div><\/div><div class=\"w-image us_custom_bc431e2b align_none\"><div class=\"w-image-h\"><img decoding=\"async\" width=\"300\" height=\"168\" src=\"https:\/\/www.merlin.be\/wp-content\/uploads\/2025\/12\/logo_jaritex.jpg\" class=\"attachment-large size-large\" alt=\"\" loading=\"lazy\" \/><\/div><\/div><div class=\"w-image us_custom_bc431e2b align_none\"><div class=\"w-image-h\"><img decoding=\"async\" width=\"300\" height=\"168\" src=\"https:\/\/www.merlin.be\/wp-content\/uploads\/2025\/12\/Logo_Duvatex_-_zwart.jpg\" class=\"attachment-large size-large\" alt=\"\" loading=\"lazy\" \/><\/div><\/div><div class=\"w-image us_custom_bc431e2b align_none\"><div class=\"w-image-h\"><img decoding=\"async\" width=\"300\" height=\"168\" src=\"https:\/\/www.merlin.be\/wp-content\/uploads\/2025\/12\/Diamant_Logo.jpg\" class=\"attachment-large size-large\" alt=\"\" loading=\"lazy\" \/><\/div><\/div><\/div><\/div><\/div><\/div><\/div><\/div><\/div><\/div><\/div><\/div><\/section><section class=\"l-section wpb_row hide_if_inner_list_is_empty us_custom_08449e4a height_large\" id=\"meubles\"><div class=\"l-section-h i-cf\"><div class=\"g-cols vc_row via_flex valign_top type_default stacking_default\"><div class=\"vc_col-sm-12 wpb_column vc_column_container\"><div class=\"vc_column-inner\"><div class=\"wpb_wrapper\"><div class=\"g-cols wpb_row us_custom_cccfa03e mobilemessagespacerhead has_text_color via_flex valign_top type_default stacking_default\"><div class=\"vc_col-sm-12 wpb_column vc_column_container\"><div class=\"vc_column-inner\"><div class=\"wpb_wrapper\"><div class=\"wpb_text_column us_custom_a5c88937 txtbold\"><div class=\"wpb_wrapper\"><h4>UN LARGE CHOIX POUR TOUS LES BUDGETS<\/h4>\n<\/div><\/div><div class=\"w-image triangle-right align_none\"><div class=\"w-image-h\"><img decoding=\"async\" width=\"1024\" height=\"1024\" src=\"https:\/\/www.merlin.be\/wp-content\/uploads\/2024\/11\/Polygon.svg\" class=\"attachment-large size-large\" alt=\"\" loading=\"lazy\" \/><\/div><\/div><\/div><\/div><\/div><\/div><div class=\"w-grid us_grid type_grid layout_452 hidden cols_4 pagination_ajax preload_style_spinner\" id=\"us_grid_1\" style=\"--columns:4;--gap:1.5rem;\" data-filterable=\"true\"><style>@media (max-width:1380px){#us_grid_1{--columns:3!important}}@media (max-width:1024px){#us_grid_1{--columns:2!important}}@media (max-width:767px){#us_grid_1{--columns:2!important}}.layout_452 .w-grid-item-h{}.layout_452 .usg_post_image_1{border-radius:1em!important}.layout_452 .usg_post_title_1{color:var(--color-white)!important;font-size:25px!important;font-weight:400!important;width:90%!important;padding-top:10px!important;padding-bottom:10px!important;border-radius:10px!important;position:absolute!important;left:0px!important;bottom:-27px!important;right:0px!important;margin:auto!important;background:var(--color-blue)!important}.layout_452 .usg_post_custom_field_1{margin-top:50px!important;margin-bottom:20px!important}.layout_452 .usg_text_1{color:var(--color-red)!important;position:absolute!important;left:0px!important;bottom:20px!important}.layout_452 .usg_vwrapper_2{padding-bottom:50px!important}<\/style><div class=\"w-grid-list\"><\/div>\t<div class=\"w-grid-preloader\">\r\n\t\t<div class=\"g-preloader type_1\">\r\n\t\t\t<div><\/div>\r\n\t\t<\/div>\r\n\t<\/div>\r\n\t\t<div class=\"w-grid-json hidden\" onclick='return {&quot;action&quot;:&quot;us_ajax_grid&quot;,&quot;infinite_scroll&quot;:0,&quot;max_num_pages&quot;:0,&quot;pagination&quot;:&quot;ajax&quot;,&quot;template_vars&quot;:{&quot;columns&quot;:&quot;4&quot;,&quot;exclude_items&quot;:&quot;none&quot;,&quot;img_size&quot;:&quot;default&quot;,&quot;ignore_items_size&quot;:0,&quot;items_layout&quot;:&quot;452&quot;,&quot;items_offset&quot;:&quot;1&quot;,&quot;load_animation&quot;:&quot;none&quot;,&quot;overriding_link&quot;:&quot;%7B%22type%22%3A%22post%22%7D&quot;,&quot;post_id&quot;:0,&quot;query_args&quot;:{&quot;post_type&quot;:[&quot;meubel&quot;],&quot;tax_query&quot;:[{&quot;taxonomy&quot;:&quot;meubel-type&quot;,&quot;field&quot;:&quot;slug&quot;,&quot;terms&quot;:[&quot;matrassen-lattenbodems&quot;]}],&quot;post_status&quot;:[&quot;publish&quot;,&quot;acf-disabled&quot;],&quot;posts_per_page&quot;:&quot;8&quot;},&quot;orderby_query_args&quot;:{&quot;orderby&quot;:{&quot;title&quot;:&quot;ASC&quot;},&quot;order&quot;:&quot;ASC&quot;},&quot;type&quot;:&quot;grid&quot;,&quot;us_grid_post_type&quot;:&quot;meubel&quot;,&quot;us_grid_ajax_index&quot;:1,&quot;us_grid_filter_query_string&quot;:null,&quot;us_grid_index&quot;:1,&quot;page_args&quot;:[],&quot;lang&quot;:&quot;fr&quot;}}'><\/div>\r\n\t<\/div><div class=\"w-grid-none type_message\">Aucun r\u00e9sultat.<\/div><\/div><\/div><\/div><\/div><\/div><\/section><section class=\"l-section wpb_row us_custom_e11ab399 height_large\"><div class=\"l-section-h i-cf\"><div class=\"g-cols vc_row via_flex valign_top type_default stacking_default\" style=\"--additional-gap:20px;\"><div class=\"vc_col-sm-7 wpb_column vc_column_container has_bg_color stretched\"><div class=\"vc_column-inner us_custom_9089279b\"><div class=\"wpb_wrapper\"><\/div><\/div><\/div><div class=\"vc_col-sm-5 wpb_column vc_column_container\"><div class=\"vc_column-inner\"><div class=\"wpb_wrapper\"><div class=\"wpb_text_column us_custom_8807eb22 has_text_color\"><div class=\"wpb_wrapper\"><h2>Trouvez votre matelas id\u00e9al<\/h2>\n<\/div><\/div><div class=\"w-separator size_medium\"><\/div><div class=\"g-cols wpb_row us_custom_5b8eb5a9 has_text_color via_flex valign_top type_boxes stacking_default\"><div class=\"vc_col-sm-12 wpb_column vc_column_container\"><div class=\"vc_column-inner\"><div class=\"wpb_wrapper\"><div class=\"w-image triangle2 align_none\"><div class=\"w-image-h\"><img decoding=\"async\" width=\"1024\" height=\"1024\" src=\"https:\/\/www.merlin.be\/wp-content\/uploads\/2024\/11\/Polygon.svg\" class=\"attachment-large size-large\" alt=\"\" loading=\"lazy\" \/><\/div><\/div><div class=\"wpb_text_column txtbold\"><div class=\"wpb_wrapper\"><p><span style=\"font-weight: 400;\">Chez Merlin Meubles Cuisines, nous sommes heureux de vous aider \u00e0 trouver le matelas id\u00e9al pour r\u00e9pondre \u00e0 vos besoins de sommeil. Que vous recherchiez le soutien, le confort ou les derniers gadgets technologiques, notre \u00e9quipe est pr\u00eate \u00e0 vous conseiller. Visitez notre magasin \u00e0 Lessines et d\u00e9couvrez par vous-m\u00eame la diff\u00e9rence qu&rsquo;un bon matelas peut apporter.<\/span><\/p>\n<\/div><\/div><\/div><\/div><\/div><\/div><div class=\"w-separator size_small\"><\/div><div class=\"w-btn-wrapper align_none\"><a class=\"w-btn us-btn-style_3\" href=\"https:\/\/www.merlin.be\/fr\/contact\/\"><span class=\"w-btn-label\">Se rendre dans notre salle d&rsquo;exposition<\/span><\/a><\/div><\/div><\/div><\/div><\/div><\/div><\/section><section class=\"l-section wpb_row redquote height_large\"><div class=\"l-section-h i-cf\"><div class=\"g-cols vc_row via_flex valign_top type_default stacking_default\"><div class=\"vc_col-sm-12 wpb_column vc_column_container mobilespacer\"><div class=\"vc_column-inner\"><div class=\"wpb_wrapper\"><div class=\"wpb_text_column\"><div class=\"wpb_wrapper\"><h4>Optez pour un rapport qualit\u00e9-prix et un confort imbattable avec un matelas de MERLIN CUISINES MEUBLES , et profitez du sommeil bien m\u00e9rit\u00e9 que vous recherchez.<\/h4>\n<\/div><\/div><\/div><\/div><\/div><\/div><\/div><\/section><section class=\"l-section wpb_row us_custom_08449e4a height_medium\"><div class=\"l-section-h i-cf\"><div class=\"g-cols vc_row via_flex valign_top type_default stacking_default\"><div class=\"vc_col-sm-12 wpb_column vc_column_container\"><div class=\"vc_column-inner\"><div class=\"wpb_wrapper\"><div class=\"g-cols wpb_row us_custom_8124ac23 mobilemessagespacerhead has_text_color via_flex valign_top type_default stacking_default\"><div class=\"vc_col-sm-12 wpb_column vc_column_container\"><div class=\"vc_column-inner\"><div class=\"wpb_wrapper\"><div class=\"wpb_text_column txtbold\"><div class=\"wpb_wrapper\"><h2>Compl\u00e9tez le nouveau look de votre chambre<\/h2>\n<\/div><\/div><div class=\"w-image triangle align_none\"><div class=\"w-image-h\"><img decoding=\"async\" width=\"1024\" height=\"1024\" src=\"https:\/\/www.merlin.be\/wp-content\/uploads\/2024\/11\/Polygon.svg\" class=\"attachment-large size-large\" alt=\"\" loading=\"lazy\" \/><\/div><\/div><\/div><\/div><\/div><\/div><div class=\"g-cols wpb_row via_flex valign_top type_default stacking_default\"><div class=\"vc_col-sm-3 wpb_column vc_column_container pushright\"><div class=\"vc_column-inner\"><div class=\"wpb_wrapper\"><div class=\"w-iconbox us_custom_3090c82c iconpos_right style_default color_contrast align_none no_text\"><div class=\"w-iconbox-meta\"><p class=\"w-iconbox-title\"><a href=\"https:\/\/www.merlin.be\/fr\/dormir\/lits\/\" class=\"w-iconbox-link\" aria-label=\"Lits\">Lits<\/a><\/p><\/div><a href=\"https:\/\/www.merlin.be\/fr\/dormir\/lits\/\" class=\"w-iconbox-link\" aria-label=\"Lits\"><div class=\"w-iconbox-icon\" style=\"font-size:1rem;\"><i class=\"fal fa-arrow-right\"><\/i><\/div><\/a><\/div><div class=\"w-iconbox us_custom_3090c82c iconpos_right style_default color_contrast align_none no_text\"><div class=\"w-iconbox-meta\"><p class=\"w-iconbox-title\"><a href=\"https:\/\/www.merlin.be\/fr\/dormir\/boxsprings\/\" class=\"w-iconbox-link\" aria-label=\"Boxsprings\">Boxsprings<\/a><\/p><\/div><a href=\"https:\/\/www.merlin.be\/fr\/dormir\/boxsprings\/\" class=\"w-iconbox-link\" aria-label=\"Boxsprings\"><div class=\"w-iconbox-icon\" style=\"font-size:1rem;\"><i class=\"fal fa-arrow-right\"><\/i><\/div><\/a><\/div><div class=\"w-iconbox us_custom_3090c82c iconpos_right style_default color_contrast align_none no_text\"><div class=\"w-iconbox-meta\"><p class=\"w-iconbox-title\"><a href=\"https:\/\/www.merlin.be\/fr\/dormir\/garderobes\/\" class=\"w-iconbox-link\" aria-label=\"Garderobes\">Garderobes<\/a><\/p><\/div><a href=\"https:\/\/www.merlin.be\/fr\/dormir\/garderobes\/\" class=\"w-iconbox-link\" aria-label=\"Garderobes\"><div class=\"w-iconbox-icon\" style=\"font-size:1rem;\"><i class=\"fal fa-arrow-right\"><\/i><\/div><\/a><\/div><div class=\"w-iconbox us_custom_3090c82c iconpos_right style_default color_contrast align_none no_text\"><div class=\"w-iconbox-meta\"><p class=\"w-iconbox-title\"><a href=\"https:\/\/www.merlin.be\/fr\/dormir\/Tables de nuit et commodes\/\" class=\"w-iconbox-link\" aria-label=\"Tables de nuit et commodes\">Tables de nuit et commodes<\/a><\/p><\/div><a href=\"https:\/\/www.merlin.be\/fr\/dormir\/Tables de nuit et commodes\/\" class=\"w-iconbox-link\" aria-label=\"Tables de nuit et commodes\"><div class=\"w-iconbox-icon\" style=\"font-size:1rem;\"><i class=\"fal fa-arrow-right\"><\/i><\/div><\/a><\/div><div class=\"w-iconbox us_custom_3090c82c iconpos_right style_default color_contrast align_none no_text\"><div class=\"w-iconbox-meta\"><p class=\"w-iconbox-title\"><a href=\"https:\/\/www.merlin.be\/fr\/dormir\/chambres-a-coucher\/\" class=\"w-iconbox-link\" aria-label=\"Chambres \u00e0 coucher\">Chambres \u00e0 coucher<\/a><\/p><\/div><a href=\"https:\/\/www.merlin.be\/fr\/dormir\/chambres-a-coucher\/\" class=\"w-iconbox-link\" aria-label=\"Chambres \u00e0 coucher\"><div class=\"w-iconbox-icon\" style=\"font-size:1rem;\"><i class=\"fal fa-arrow-right\"><\/i><\/div><\/a><\/div><div class=\"wpb_text_column us_custom_39d3b7fd has_text_color\"><div class=\"wpb_wrapper\"><p><a href=\"https:\/\/www.merlin.be\/fr\/dormir\/\">Notre gamme compl\u00e8te &#8230;<\/a><\/p>\n<\/div><\/div><\/div><\/div><\/div><div class=\"vc_col-sm-9 wpb_column vc_column_container\"><div class=\"vc_column-inner\"><div class=\"wpb_wrapper\"><div class=\"w-grid us_carousel type_carousel layout_205 homecar preload_style_spinner items_4\" id=\"us_grid_2\" style=\"--items:4;--gap:1rem;\"><style>.layout_205 .w-grid-item-h{}.layout_205 .usg_post_image_2{transition-duration:0.3s;transform-origin:50% 50%;transform:scale(1) translate(0%,0%)}.layout_205 .w-grid-item-h:focus-within .usg_post_image_2,.layout_205 .w-grid-item-h:hover .usg_post_image_2{transform:scale(1.2) translate(0%,0%);opacity:1}.layout_205 .usg_post_title_1{font-size:16px!important}.layout_205 .usg_post_image_2{border-radius:1em!important}.layout_205 .usg_vwrapper_2{border-radius:1em!important}<\/style><div class=\"w-grid-list owl-carousel valign_stretch dotstyle_circle navstyle_circle arrows-ver-pos_middle arrows-hor-pos_on_sides_outside arrows-disabled_hide owl-responsive-2000 with_arrows\" style=\"--transition-duration:350ms;--arrows-size:1.5rem;--arrows-hor-offset:calc(0px + 1rem);--arrows-gap:10px;\">\t<article class=\"w-grid-item post-10366 page type-page status-publish has-post-thumbnail hentry\" data-id=\"10366\">\r\n\t\t<div class=\"w-grid-item-h\">\r\n\t\t\t\t\t\t<div class=\"w-vwrapper usg_vwrapper_1 align_none valign_top has-link\"><div class=\"w-vwrapper usg_vwrapper_2 overflowouter align_none valign_top\"><div class=\"w-post-elm post_image usg_post_image_2 has_ratio\"><img loading=\"lazy\" decoding=\"async\" width=\"1024\" height=\"724\" src=\"https:\/\/www.merlin.be\/wp-content\/uploads\/2025\/01\/Lit-Everest-1-1024x724.jpg\" class=\"attachment-large size-large wp-post-image\" alt=\"\" \/><div style=\"padding-bottom:150%\"><\/div><\/div><\/div><p class=\"w-post-elm post_title usg_post_title_1 entry-title color_link_inherit\">Lits<\/p><a href=\"https:\/\/www.merlin.be\/fr\/dormir\/lits\/\" class=\"w-vwrapper-link smooth-scroll\" aria-label=\"Lien\"><\/a><\/div>\t\t<\/div>\r\n\t\t\t<\/article>\r\n\t<article class=\"w-grid-item post-10365 page type-page status-publish has-post-thumbnail hentry\" data-id=\"10365\">\r\n\t\t<div class=\"w-grid-item-h\">\r\n\t\t\t\t\t\t<div class=\"w-vwrapper usg_vwrapper_1 align_none valign_top has-link\"><div class=\"w-vwrapper usg_vwrapper_2 overflowouter align_none valign_top\"><div class=\"w-post-elm post_image usg_post_image_2 has_ratio\"><img loading=\"lazy\" decoding=\"async\" width=\"1024\" height=\"708\" src=\"https:\/\/www.merlin.be\/wp-content\/uploads\/2025\/01\/Lit-Minuit-1024x708.jpg\" class=\"attachment-large size-large wp-post-image\" alt=\"\" \/><div style=\"padding-bottom:150%\"><\/div><\/div><\/div><p class=\"w-post-elm post_title usg_post_title_1 entry-title color_link_inherit\">Boxsprings<\/p><a href=\"https:\/\/www.merlin.be\/fr\/dormir\/boxsprings\/\" class=\"w-vwrapper-link smooth-scroll\" aria-label=\"Lien\"><\/a><\/div>\t\t<\/div>\r\n\t\t\t<\/article>\r\n\t<article class=\"w-grid-item post-10362 page type-page status-publish has-post-thumbnail hentry\" data-id=\"10362\">\r\n\t\t<div class=\"w-grid-item-h\">\r\n\t\t\t\t\t\t<div class=\"w-vwrapper usg_vwrapper_1 align_none valign_top has-link\"><div class=\"w-vwrapper usg_vwrapper_2 overflowouter align_none valign_top\"><div class=\"w-post-elm post_image usg_post_image_2 has_ratio\"><img loading=\"lazy\" decoding=\"async\" width=\"1024\" height=\"767\" src=\"https:\/\/www.merlin.be\/wp-content\/uploads\/2025\/01\/Garderobe-Syncrono-4-1-1024x767.jpg\" class=\"attachment-large size-large wp-post-image\" alt=\"\" \/><div style=\"padding-bottom:150%\"><\/div><\/div><\/div><p class=\"w-post-elm post_title usg_post_title_1 entry-title color_link_inherit\">Garderobes<\/p><a href=\"https:\/\/www.merlin.be\/fr\/dormir\/garderobes\/\" class=\"w-vwrapper-link smooth-scroll\" aria-label=\"Lien\"><\/a><\/div>\t\t<\/div>\r\n\t\t\t<\/article>\r\n\t<article class=\"w-grid-item post-10363 page type-page status-publish has-post-thumbnail hentry\" data-id=\"10363\">\r\n\t\t<div class=\"w-grid-item-h\">\r\n\t\t\t\t\t\t<div class=\"w-vwrapper usg_vwrapper_1 align_none valign_top has-link\"><div class=\"w-vwrapper usg_vwrapper_2 overflowouter align_none valign_top\"><div class=\"w-post-elm post_image usg_post_image_2 has_ratio\"><img loading=\"lazy\" decoding=\"async\" width=\"1024\" height=\"1024\" src=\"https:\/\/www.merlin.be\/wp-content\/uploads\/2025\/01\/Chevet-2047-15-Z-1-1024x1024.jpg\" class=\"attachment-large size-large wp-post-image\" alt=\"\" \/><div style=\"padding-bottom:150%\"><\/div><\/div><\/div><p class=\"w-post-elm post_title usg_post_title_1 entry-title color_link_inherit\">Chevets et commodes<\/p><a href=\"https:\/\/www.merlin.be\/fr\/dormir\/chevets-et-commodes\/\" class=\"w-vwrapper-link smooth-scroll\" aria-label=\"Lien\"><\/a><\/div>\t\t<\/div>\r\n\t\t\t<\/article>\r\n\t<article class=\"w-grid-item post-10368 page type-page status-publish has-post-thumbnail hentry\" data-id=\"10368\">\r\n\t\t<div class=\"w-grid-item-h\">\r\n\t\t\t\t\t\t<div class=\"w-vwrapper usg_vwrapper_1 align_none valign_top has-link\"><div class=\"w-vwrapper usg_vwrapper_2 overflowouter align_none valign_top\"><div class=\"w-post-elm post_image usg_post_image_2 has_ratio\"><img loading=\"lazy\" decoding=\"async\" width=\"1024\" height=\"768\" src=\"https:\/\/www.merlin.be\/wp-content\/uploads\/2025\/01\/Chambre-A-Coucher-Derwin-1024x768.jpg\" class=\"attachment-large size-large wp-post-image\" alt=\"\" \/><div style=\"padding-bottom:150%\"><\/div><\/div><\/div><p class=\"w-post-elm post_title usg_post_title_1 entry-title color_link_inherit\">Chambres \u00e0 coucher<\/p><a href=\"https:\/\/www.merlin.be\/fr\/dormir\/chambres-a-coucher\/\" class=\"w-vwrapper-link smooth-scroll\" aria-label=\"Lien\"><\/a><\/div>\t\t<\/div>\r\n\t\t\t<\/article>\r\n<\/div><div class=\"w-grid-carousel-json hidden\" onclick='return {&quot;carousel_settings&quot;:{&quot;aria_labels&quot;:{&quot;prev&quot;:&quot;Pr\\u00e9c\\u00e9dent&quot;,&quot;next&quot;:&quot;Suivant&quot;},&quot;autoplayContinual&quot;:false,&quot;autoplayHoverPause&quot;:false,&quot;autoplayTimeout&quot;:3000,&quot;autoWidth&quot;:false,&quot;smartSpeed&quot;:350,&quot;margin&quot;:0,&quot;mouseDrag&quot;:true,&quot;rtl&quot;:false,&quot;slideBy&quot;:&quot;1&quot;,&quot;touchDrag&quot;:true,&quot;slideTransition&quot;:&quot;&quot;,&quot;responsive&quot;:{&quot;0&quot;:{&quot;autoHeight&quot;:false,&quot;autoplay&quot;:false,&quot;autoWidth&quot;:false,&quot;center&quot;:false,&quot;dots&quot;:false,&quot;items&quot;:2,&quot;loop&quot;:false,&quot;nav&quot;:true,&quot;stagePadding&quot;:0,&quot;slideBy&quot;:&quot;1&quot;},&quot;768&quot;:{&quot;autoHeight&quot;:false,&quot;autoplay&quot;:false,&quot;autoWidth&quot;:false,&quot;center&quot;:false,&quot;dots&quot;:false,&quot;items&quot;:2,&quot;loop&quot;:false,&quot;nav&quot;:true,&quot;stagePadding&quot;:0,&quot;slideBy&quot;:&quot;1&quot;},&quot;1025&quot;:{&quot;autoHeight&quot;:false,&quot;autoplay&quot;:false,&quot;autoWidth&quot;:false,&quot;center&quot;:false,&quot;dots&quot;:false,&quot;items&quot;:3,&quot;loop&quot;:false,&quot;nav&quot;:true,&quot;stagePadding&quot;:0,&quot;slideBy&quot;:&quot;1&quot;},&quot;1381&quot;:{&quot;items&quot;:4,&quot;autoplay&quot;:false,&quot;center&quot;:false,&quot;dots&quot;:false,&quot;nav&quot;:true,&quot;autoHeight&quot;:false,&quot;autoWidth&quot;:false,&quot;loop&quot;:false,&quot;stagePadding&quot;:0}}}}'><\/div><\/div><\/div><\/div><\/div><\/div><\/div><\/div><\/div><\/div><\/div><\/section>\n","protected":false},"excerpt":{"rendered":"PagesChambres \u00e0 coucher Chez MERLIN CUISINES MEUBLES, nous comprenons que la chambre \u00e0 coucher est plus qu&rsquo;un simple endroit o\u00f9 dormir. C&rsquo;est un havre de paix o\u00f9 vous vous d\u00e9tendez et rechargez vos batteries apr\u00e8s une longue journ\u00e9e. Une chambre \u00e0 coucher bien con\u00e7ue allie confort, style et fonctionnalit\u00e9 pour que vous puissiez commencer chaque...","protected":false},"author":1,"featured_media":1883,"parent":10367,"menu_order":3,"comment_status":"closed","ping_status":"closed","template":"","meta":{"_acf_changed":false,"footnotes":""},"class_list":["post-10364","page","type-page","status-publish","has-post-thumbnail","hentry"],"acf":[],"_links":{"self":[{"href":"https:\/\/www.merlin.be\/fr\/wp-json\/wp\/v2\/pages\/10364","targetHints":{"allow":["GET"]}}],"collection":[{"href":"https:\/\/www.merlin.be\/fr\/wp-json\/wp\/v2\/pages"}],"about":[{"href":"https:\/\/www.merlin.be\/fr\/wp-json\/wp\/v2\/types\/page"}],"author":[{"embeddable":true,"href":"https:\/\/www.merlin.be\/fr\/wp-json\/wp\/v2\/users\/1"}],"replies":[{"embeddable":true,"href":"https:\/\/www.merlin.be\/fr\/wp-json\/wp\/v2\/comments?post=10364"}],"version-history":[{"count":22,"href":"https:\/\/www.merlin.be\/fr\/wp-json\/wp\/v2\/pages\/10364\/revisions"}],"predecessor-version":[{"id":13202,"href":"https:\/\/www.merlin.be\/fr\/wp-json\/wp\/v2\/pages\/10364\/revisions\/13202"}],"up":[{"embeddable":true,"href":"https:\/\/www.merlin.be\/fr\/wp-json\/wp\/v2\/pages\/10367"}],"wp:featuredmedia":[{"embeddable":true,"href":"https:\/\/www.merlin.be\/fr\/wp-json\/wp\/v2\/media\/1883"}],"wp:attachment":[{"href":"https:\/\/www.merlin.be\/fr\/wp-json\/wp\/v2\/media?parent=10364"}],"curies":[{"name":"wp","href":"https:\/\/api.w.org\/{rel}","templated":true}]}}