{"id":10356,"date":"2024-10-31T13:50:17","date_gmt":"2024-10-31T13:50:17","guid":{"rendered":"https:\/\/www.merlin.be\/dressing-maatwerk\/"},"modified":"2025-12-12T09:17:15","modified_gmt":"2025-12-12T09:17:15","slug":"dressing-sur-mesure","status":"publish","type":"page","link":"https:\/\/www.merlin.be\/fr\/dressing-sur-mesure\/","title":{"rendered":"Dressing &#038; sur mesure"},"content":{"rendered":"<section class=\"l-section wpb_row us_custom_e2365464 height_large\"><div class=\"l-section-h i-cf\"><div class=\"g-cols vc_row via_flex valign_top type_default stacking_default\"><div class=\"vc_col-sm-12 wpb_column vc_column_container\"><div class=\"vc_column-inner\"><div class=\"wpb_wrapper\"><div class=\"g-cols wpb_row us_custom_8124ac23 mobilemessagespacerhead has_text_color via_flex valign_top type_default stacking_default\"><div class=\"vc_col-sm-1 vc_hidden-xs wpb_column vc_column_container\"><div class=\"vc_column-inner\"><div class=\"wpb_wrapper\"><\/div><\/div><\/div><div class=\"vc_col-sm-11 wpb_column vc_column_container\"><div class=\"vc_column-inner\"><div class=\"wpb_wrapper\"><div class=\"wpb_text_column txtbold\"><div class=\"wpb_wrapper\"><h1>Cr\u00e9er de l\u2019espace avec des dressings et des syst\u00e8mes de rangement sur mesure<\/h1>\n<\/div><\/div><div class=\"w-image triangle align_none\"><div class=\"w-image-h\"><img decoding=\"async\" width=\"1024\" height=\"1024\" src=\"https:\/\/www.merlin.be\/wp-content\/uploads\/2024\/11\/Polygon.svg\" class=\"attachment-large size-large\" alt=\"\" loading=\"lazy\" \/><\/div><\/div><\/div><\/div><\/div><\/div><div class=\"g-cols wpb_row via_flex valign_top type_default stacking_default\"><div class=\"vc_col-sm-1 wpb_column vc_column_container\"><div class=\"vc_column-inner\"><div class=\"wpb_wrapper\"><\/div><\/div><\/div><div class=\"vc_col-sm-7 wpb_column vc_column_container\"><div class=\"vc_column-inner\"><div class=\"wpb_wrapper\"><div class=\"wpb_text_column\"><div class=\"wpb_wrapper\"><p><strong>Solutions de rangement parfaites sur mesure<\/strong><\/p>\n<p><span style=\"font-weight: 400;\">Une maison bien organis\u00e9e commence par des solutions de rangement ad\u00e9quates. Les placards sur mesure offrent une combinaison parfaite de fonctionnalit\u00e9 et d&rsquo;esth\u00e9tique, adapt\u00e9e \u00e0 vos besoins personnels et \u00e0 l&rsquo;espace disponible dans votre maison. Chez Merlin Meubles Cuisines \u00e0 Lessines, nous comprenons qu&rsquo;il n&rsquo;y a pas deux maisons identiques. C&rsquo;est pourquoi nous proposons des armoires sur mesure qui sont enti\u00e8rement personnalisables et qui s&rsquo;int\u00e8grent parfaitement \u00e0 votre int\u00e9rieur et \u00e0 votre style de vie.<\/span><\/p>\n<\/div><\/div><div class=\"w-separator size_small\"><\/div><div class=\"w-btn-wrapper align_none\"><a class=\"w-btn us-btn-style_2\" href=\"https:\/\/www.merlin.be\/fr\/dressing-sur-mesure\/#lire-plus\"><span class=\"w-btn-label\">Plus d&rsquo;informations sur nos armoires sur mesure<\/span><\/a><\/div><\/div><\/div><\/div><div class=\"vc_col-sm-4 wpb_column vc_column_container\"><div class=\"vc_column-inner\"><div class=\"wpb_wrapper\"><\/div><\/div><\/div><\/div><\/div><\/div><\/div><\/div><\/div><\/section><section class=\"l-section wpb_row us_custom_08449e4a height_large\" id=\"meubles\"><div class=\"l-section-h i-cf\"><div class=\"g-cols vc_row via_flex valign_top type_default stacking_default\"><div class=\"vc_col-sm-12 wpb_column vc_column_container\"><div class=\"vc_column-inner\"><div class=\"wpb_wrapper\"><div class=\"g-cols wpb_row us_custom_cccfa03e mobilemessagespacerhead has_text_color via_flex valign_top type_default stacking_default\"><div class=\"vc_col-sm-12 wpb_column vc_column_container\"><div class=\"vc_column-inner\"><div class=\"wpb_wrapper\"><div class=\"wpb_text_column us_custom_a5c88937 txtbold\"><div class=\"wpb_wrapper\"><h4>UN LARGE CHOIX POUR TOUS LES BUDGETS<\/h4>\n<\/div><\/div><div class=\"w-image triangle-right align_none\"><div class=\"w-image-h\"><img decoding=\"async\" width=\"1024\" height=\"1024\" src=\"https:\/\/www.merlin.be\/wp-content\/uploads\/2024\/11\/Polygon.svg\" class=\"attachment-large size-large\" alt=\"\" loading=\"lazy\" \/><\/div><\/div><\/div><\/div><\/div><\/div><div class=\"w-grid us_grid type_grid layout_452 cols_4 pagination_ajax preload_style_spinner\" id=\"us_grid_1\" style=\"--columns:4;--gap:1.5rem;\" data-filterable=\"true\"><style>@media (max-width:1380px){#us_grid_1{--columns:3!important}}@media (max-width:1024px){#us_grid_1{--columns:2!important}}@media (max-width:767px){#us_grid_1{--columns:2!important}}.layout_452 .w-grid-item-h{}.layout_452 .usg_post_image_1{border-radius:1em!important}.layout_452 .usg_post_title_1{color:var(--color-white)!important;font-size:25px!important;font-weight:400!important;width:90%!important;padding-top:10px!important;padding-bottom:10px!important;border-radius:10px!important;position:absolute!important;left:0px!important;bottom:-27px!important;right:0px!important;margin:auto!important;background:var(--color-blue)!important}.layout_452 .usg_post_custom_field_1{margin-top:50px!important;margin-bottom:20px!important}.layout_452 .usg_text_1{color:var(--color-red)!important;position:absolute!important;left:0px!important;bottom:20px!important}.layout_452 .usg_vwrapper_2{padding-bottom:50px!important}<\/style><div class=\"w-grid-list\">\t<article class=\"w-grid-item size_1x1 post-9838 meubel type-meubel status-publish has-post-thumbnail hentry meubel-type-dressing-armoires-sur-mesure\" data-id=\"9838\">\r\n\t\t<div class=\"w-grid-item-h\">\r\n\t\t\t\t\t\t\t<a href=\"https:\/\/www.merlin.be\/fr\/meuble\/dressing\/\" class=\"w-grid-item-anchor\" aria-label=\"Dressing\"><\/a>\r\n\t\t\t\t\t\t<div class=\"w-vwrapper usg_vwrapper_1 align_none valign_middle\" style=\"--vwrapper-gap:0rem\"><div class=\"w-post-elm post_image usg_post_image_1 has_ratio\"><img loading=\"lazy\" decoding=\"async\" width=\"2000\" height=\"1500\" src=\"https:\/\/www.merlin.be\/wp-content\/uploads\/2025\/01\/Dressing-1.jpg\" class=\"attachment-full size-full wp-post-image\" alt=\"\" \/><div style=\"padding-bottom:100%\"><\/div><\/div><h4 class=\"w-post-elm post_title usg_post_title_1 has_text_color align_center entry-title\">Dressing<\/h4><\/div><div class=\"w-vwrapper usg_vwrapper_2 align_none valign_top\"><p class=\"w-post-elm post_custom_field usg_post_custom_field_1 type_text short_title\"><span class=\"w-post-elm-value\">La personnalisation compl\u00e8te est notre priorit\u00e9 absolue. Chaque produit peut \u00eatre assembl\u00e9 selon vos souhaits, ce qui lui conf\u00e8re un caract\u00e8re unique. Tout est enti\u00e8rement r\u00e9alis\u00e9 sur mesure pour une utilisation optimale de votre espace. LABEL DE QUALITE BELGE<\/span><\/p><\/div><p class=\"w-text usg_text_1 pushright has_text_color icon_atright\"><span class=\"w-text-h\"><span class=\"w-text-value\">Plus infos<\/span><i class=\"fal fa-arrow-right\"><\/i><\/span><\/p>\t\t<\/div>\r\n\t\t\t<\/article>\r\n\t<article class=\"w-grid-item size_1x1 post-9562 meubel type-meubel status-publish has-post-thumbnail hentry meubel-type-dressing-armoires-sur-mesure\" data-id=\"9562\">\r\n\t\t<div class=\"w-grid-item-h\">\r\n\t\t\t\t\t\t\t<a href=\"https:\/\/www.merlin.be\/fr\/meuble\/yourjoyce\/\" class=\"w-grid-item-anchor\" aria-label=\"Garderobe Joy\"><\/a>\r\n\t\t\t\t\t\t<div class=\"w-vwrapper usg_vwrapper_1 align_none valign_middle\" style=\"--vwrapper-gap:0rem\"><div class=\"w-post-elm post_image usg_post_image_1 has_ratio\"><img loading=\"lazy\" decoding=\"async\" width=\"2000\" height=\"1647\" src=\"https:\/\/www.merlin.be\/wp-content\/uploads\/2025\/01\/Garderobe-YourJOYce-1.jpg\" class=\"attachment-full size-full wp-post-image\" alt=\"\" \/><div style=\"padding-bottom:100%\"><\/div><\/div><h4 class=\"w-post-elm post_title usg_post_title_1 has_text_color align_center entry-title\">Garderobe Joy<\/h4><\/div><div class=\"w-vwrapper usg_vwrapper_2 align_none valign_top\"><p class=\"w-post-elm post_custom_field usg_post_custom_field_1 type_text short_title\"><span class=\"w-post-elm-value\">Vous composez vous-m\u00eame l'armoire syst\u00e8me Joy afin qu'elle s'int\u00e8gre parfaitement \u00e0 chaque endroit sp\u00e9cifique de votre chambre \u00e0 coucher. QUALIT\u00c9 ALLEMANDE<\/span><\/p><\/div><p class=\"w-text usg_text_1 pushright has_text_color icon_atright\"><span class=\"w-text-h\"><span class=\"w-text-value\">Plus infos<\/span><i class=\"fal fa-arrow-right\"><\/i><\/span><\/p>\t\t<\/div>\r\n\t\t\t<\/article>\r\n<\/div>\t<div class=\"w-grid-preloader\">\r\n\t\t<div class=\"g-preloader type_1\">\r\n\t\t\t<div><\/div>\r\n\t\t<\/div>\r\n\t<\/div>\r\n\t\t<div class=\"w-grid-json hidden\" onclick='return {&quot;action&quot;:&quot;us_ajax_grid&quot;,&quot;infinite_scroll&quot;:0,&quot;max_num_pages&quot;:1,&quot;pagination&quot;:&quot;ajax&quot;,&quot;template_vars&quot;:{&quot;columns&quot;:&quot;4&quot;,&quot;exclude_items&quot;:&quot;none&quot;,&quot;img_size&quot;:&quot;default&quot;,&quot;ignore_items_size&quot;:0,&quot;items_layout&quot;:&quot;452&quot;,&quot;items_offset&quot;:&quot;1&quot;,&quot;load_animation&quot;:&quot;none&quot;,&quot;overriding_link&quot;:&quot;%7B%22type%22%3A%22post%22%7D&quot;,&quot;post_id&quot;:0,&quot;query_args&quot;:{&quot;post_type&quot;:[&quot;meubel&quot;],&quot;tax_query&quot;:[{&quot;taxonomy&quot;:&quot;meubel-type&quot;,&quot;field&quot;:&quot;slug&quot;,&quot;terms&quot;:[&quot;dressing-armoires-sur-mesure&quot;]}],&quot;post_status&quot;:[&quot;publish&quot;,&quot;acf-disabled&quot;],&quot;posts_per_page&quot;:&quot;8&quot;},&quot;orderby_query_args&quot;:{&quot;orderby&quot;:{&quot;title&quot;:&quot;ASC&quot;},&quot;order&quot;:&quot;ASC&quot;},&quot;type&quot;:&quot;grid&quot;,&quot;us_grid_post_type&quot;:&quot;meubel&quot;,&quot;us_grid_ajax_index&quot;:1,&quot;us_grid_filter_query_string&quot;:null,&quot;us_grid_index&quot;:1,&quot;page_args&quot;:[],&quot;lang&quot;:&quot;fr&quot;}}'><\/div>\r\n\t<\/div><\/div><\/div><\/div><\/div><\/div><\/section><section class=\"l-section wpb_row us_custom_e11ab399 height_large\" id=\"lire-plus\"><div class=\"l-section-h i-cf\"><div class=\"g-cols vc_row via_flex valign_top type_default stacking_default\" style=\"--additional-gap:20px;\"><div class=\"vc_col-sm-7 wpb_column vc_column_container has_bg_color stretched\"><div class=\"vc_column-inner us_custom_08a385ee\"><div class=\"wpb_wrapper\"><\/div><\/div><\/div><div class=\"vc_col-sm-5 wpb_column vc_column_container\"><div class=\"vc_column-inner\"><div class=\"wpb_wrapper\"><div class=\"wpb_text_column us_custom_8807eb22 has_text_color\"><div class=\"wpb_wrapper\"><h2>L&rsquo;avantage d&rsquo;un placard sur mesure<\/h2>\n<\/div><\/div><div class=\"w-separator size_medium\"><\/div><div class=\"g-cols wpb_row us_custom_5b8eb5a9 has_text_color via_flex valign_top type_boxes stacking_default\"><div class=\"vc_col-sm-12 wpb_column vc_column_container\"><div class=\"vc_column-inner\"><div class=\"wpb_wrapper\"><div class=\"w-image triangle2 align_none\"><div class=\"w-image-h\"><img decoding=\"async\" width=\"1024\" height=\"1024\" src=\"https:\/\/www.merlin.be\/wp-content\/uploads\/2024\/11\/Polygon.svg\" class=\"attachment-large size-large\" alt=\"\" loading=\"lazy\" \/><\/div><\/div><div class=\"wpb_text_column txtbold\"><div class=\"wpb_wrapper\"><p><span style=\"font-weight: 400;\">Le principal avantage d&rsquo;une armoire sur mesure est sa flexibilit\u00e9. Contrairement aux solutions standard, une armoire sur mesure peut \u00eatre con\u00e7ue au millim\u00e8tre pr\u00e8s pour tirer le meilleur parti de n&rsquo;importe quel espace de votre maison. Qu&rsquo;il s&rsquo;agisse d&rsquo;un coin difficile \u00e0 am\u00e9nager, d&rsquo;un mur inclin\u00e9 sous l&rsquo;escalier ou d&rsquo;une alc\u00f4ve dans la chambre \u00e0 coucher, une armoire sur mesure vous permet d&rsquo;utiliser chaque centim\u00e8tre de votre maison.<\/span><\/p>\n<p><span style=\"font-weight: 400;\">De plus, une armoire sur mesure vous permet de personnaliser enti\u00e8rement l&rsquo;agencement selon vos souhaits. Des \u00e9tag\u00e8res aux tiroirs, en passant par les tringles \u00e0 v\u00eatements et les porte-chaussures, tout peut \u00eatre adapt\u00e9 \u00e0 vos besoins sp\u00e9cifiques en mati\u00e8re de rangement. Cela vous garantit non seulement un espace bien rang\u00e9 et organis\u00e9, mais aussi un int\u00e9rieur qui correspond parfaitement \u00e0 vos go\u00fbts et \u00e0 votre style.<\/span><\/p>\n<\/div><\/div><\/div><\/div><\/div><\/div><div class=\"w-separator size_small\"><\/div><div class=\"w-btn-wrapper align_none\"><a class=\"w-btn us-btn-style_3\" href=\"https:\/\/www.merlin.be\/fr\/contact\/\"><span class=\"w-btn-label\">Se rendre dans notre salle d&rsquo;exposition<\/span><\/a><\/div><\/div><\/div><\/div><\/div><\/div><\/section><section class=\"l-section wpb_row us_custom_e11ab399 redquote height_large\"><div class=\"l-section-h i-cf\"><div class=\"g-cols vc_row via_flex valign_top type_default stacking_default\"><div class=\"vc_col-sm-12 wpb_column vc_column_container mobilespacer\"><div class=\"vc_column-inner\"><div class=\"wpb_wrapper\"><div class=\"wpb_text_column\"><div class=\"wpb_wrapper\"><h4>Besoin de plus d&rsquo;espace ?<\/h4>\n<p>Dans ce cas, notre porte vous est ouverte : Merlin Meubles Cuisines est fort de toute personnalisation. Visitez notre showroom pour d\u00e9couvrir vos options de rangement ou votre dressing id\u00e9al.<\/p>\n<\/div><\/div><\/div><\/div><\/div><\/div><\/div><\/section>\n","protected":false},"excerpt":{"rendered":"","protected":false},"author":1,"featured_media":5197,"parent":0,"menu_order":5,"comment_status":"closed","ping_status":"closed","template":"","meta":{"_acf_changed":false,"footnotes":""},"class_list":["post-10356","page","type-page","status-publish","has-post-thumbnail","hentry"],"acf":[],"_links":{"self":[{"href":"https:\/\/www.merlin.be\/fr\/wp-json\/wp\/v2\/pages\/10356","targetHints":{"allow":["GET"]}}],"collection":[{"href":"https:\/\/www.merlin.be\/fr\/wp-json\/wp\/v2\/pages"}],"about":[{"href":"https:\/\/www.merlin.be\/fr\/wp-json\/wp\/v2\/types\/page"}],"author":[{"embeddable":true,"href":"https:\/\/www.merlin.be\/fr\/wp-json\/wp\/v2\/users\/1"}],"replies":[{"embeddable":true,"href":"https:\/\/www.merlin.be\/fr\/wp-json\/wp\/v2\/comments?post=10356"}],"version-history":[{"count":16,"href":"https:\/\/www.merlin.be\/fr\/wp-json\/wp\/v2\/pages\/10356\/revisions"}],"predecessor-version":[{"id":13008,"href":"https:\/\/www.merlin.be\/fr\/wp-json\/wp\/v2\/pages\/10356\/revisions\/13008"}],"wp:featuredmedia":[{"embeddable":true,"href":"https:\/\/www.merlin.be\/fr\/wp-json\/wp\/v2\/media\/5197"}],"wp:attachment":[{"href":"https:\/\/www.merlin.be\/fr\/wp-json\/wp\/v2\/media?parent=10356"}],"curies":[{"name":"wp","href":"https:\/\/api.w.org\/{rel}","templated":true}]}}