{"id":10351,"date":"2024-10-31T13:50:21","date_gmt":"2024-10-31T13:50:21","guid":{"rendered":"https:\/\/www.merlin.be\/blog\/"},"modified":"2025-03-19T07:51:14","modified_gmt":"2025-03-19T07:51:14","slug":"blog","status":"publish","type":"page","link":"https:\/\/www.merlin.be\/fr\/blog\/","title":{"rendered":"Blog"},"content":{"rendered":"<section class=\"l-section wpb_row height_medium\"><div class=\"l-section-h i-cf\"><div class=\"g-cols vc_row via_flex valign_top type_default stacking_default\"><div class=\"vc_col-sm-12 wpb_column vc_column_container\"><div class=\"vc_column-inner\"><div class=\"wpb_wrapper\"><div class=\"g-cols wpb_row txtballoon mobilemessagespacerhead via_flex valign_top type_default stacking_default\"><div class=\"vc_col-sm-1 vc_hidden-xs wpb_column vc_column_container\"><div class=\"vc_column-inner\"><div class=\"wpb_wrapper\"><\/div><\/div><\/div><div class=\"vc_col-sm-11 wpb_column vc_column_container\"><div class=\"vc_column-inner\"><div class=\"wpb_wrapper\"><div class=\"wpb_text_column txtbold\"><div class=\"wpb_wrapper\"><h1>Notre blog<\/h1>\n<\/div><\/div><div class=\"w-image triangle align_none\"><div class=\"w-image-h\"><img decoding=\"async\" width=\"1024\" height=\"1024\" src=\"https:\/\/www.merlin.be\/wp-content\/uploads\/2024\/11\/Polygon-2.svg\" class=\"attachment-large size-large\" alt=\"\" loading=\"lazy\" \/><\/div><\/div><\/div><\/div><\/div><\/div><div class=\"g-cols wpb_row via_flex valign_top type_default stacking_default\"><div class=\"vc_col-sm-1 wpb_column vc_column_container\"><div class=\"vc_column-inner\"><div class=\"wpb_wrapper\"><\/div><\/div><\/div><div class=\"vc_col-sm-7 wpb_column vc_column_container\"><div class=\"vc_column-inner\"><div class=\"wpb_wrapper\"><div class=\"wpb_text_column\"><div class=\"wpb_wrapper\"><p>Nous vous invitons chaleureusement \u00e0 visiter notre salle d&rsquo;exposition \u00e0 Lessines, ou \u00e0 nous contacter pour plus d&rsquo;informations. Tout le monde est le bienvenu chez Merlin Cuisines Meubles ! Si vous souhaitez en savoir plus, d\u00e9couvrez notre blog ci-dessous.<\/p>\n<\/div><\/div><div class=\"w-separator size_small\"><\/div><div class=\"w-btn-wrapper align_none\"><a class=\"w-btn us-btn-style_2\" href=\"https:\/\/www.merlin.be\/fr\/blog\/#blog\"><span class=\"w-btn-label\">D\u00e9couvrez notre blog<\/span><\/a><\/div><\/div><\/div><\/div><div class=\"vc_col-sm-4 wpb_column vc_column_container\"><div class=\"vc_column-inner\"><div class=\"wpb_wrapper\"><\/div><\/div><\/div><\/div><\/div><\/div><\/div><\/div><\/div><\/section><section class=\"l-section wpb_row us_custom_08449e4a height_medium\" id=\"blog\"><div class=\"l-section-h i-cf\"><div class=\"g-cols vc_row via_flex valign_top type_default stacking_default\"><div class=\"vc_col-sm-12 wpb_column vc_column_container\"><div class=\"vc_column-inner\"><div class=\"wpb_wrapper\"><div class=\"w-grid us_grid type_grid layout_698 bloggrid cols_3 preload_style_spinner with_css_animation\" id=\"us_grid_1\" style=\"--columns:3;--gap:1.5rem;\" data-filterable=\"true\"><style>@media (max-width:1024px){#us_grid_1{--columns:2!important}}@media (max-width:767px){#us_grid_1{--columns:1!important}}.layout_698 .w-grid-item-h{}.layout_698 .usg_post_image_1{border-radius:1em!important}.layout_698 .usg_post_title_1{color:var(--color-blue)!important;text-transform:uppercase!important;padding:30px 30px 80px 30px!important}.layout_698 .usg_text_2{color:var(--color-red)!important;position:absolute!important;left:30px!important;bottom:30px!important}<\/style><div class=\"w-grid-list\">\t<article class=\"w-grid-item us_animate_afb size_1x1 post-10492 post type-post status-publish format-standard has-post-thumbnail hentry category-non-classifiee\" data-id=\"10492\" style=\"animation-delay:0s\">\r\n\t\t<div class=\"w-grid-item-h\">\r\n\t\t\t\t\t\t\t<a href=\"https:\/\/www.merlin.be\/fr\/dressings-luxe-et-fonctionnalite-dans-votre-propre-maison\/\" class=\"w-grid-item-anchor\" aria-label=\"Dressings : Luxe et fonctionnalit\u00e9 dans votre propre maison\"><\/a>\r\n\t\t\t\t\t\t<div class=\"w-post-elm post_image usg_post_image_1 has_ratio\"><img loading=\"lazy\" decoding=\"async\" width=\"1024\" height=\"774\" src=\"https:\/\/www.merlin.be\/wp-content\/uploads\/2025\/01\/Garderobe-YourJOYce-10-1-1024x774.jpg\" class=\"attachment-large size-large wp-post-image\" alt=\"\" \/><div style=\"padding-bottom:66.6667%\"><\/div><\/div><h5 class=\"w-post-elm post_title usg_post_title_1 has_text_color entry-title color_link_inherit\">Dressings : Luxe et fonctionnalit\u00e9 dans votre propre maison<\/h5><p class=\"w-text usg_text_2 has_text_color icon_atleft\"><span class=\"w-text-h\"><i class=\"fas fa-plus\"><\/i><span class=\"w-text-value\">Lire plus<\/span><\/span><\/p>\t\t<\/div>\r\n\t\t\t<\/article>\r\n\t<article class=\"w-grid-item us_animate_afb size_1x1 post-10487 post type-post status-publish format-standard has-post-thumbnail hentry category-non-classifiee\" data-id=\"10487\" style=\"animation-delay:0.1s\">\r\n\t\t<div class=\"w-grid-item-h\">\r\n\t\t\t\t\t\t\t<a href=\"https:\/\/www.merlin.be\/fr\/systemes-de-rangement-des-solutions-intelligentes-pour-une-maison-ordonnee\/\" class=\"w-grid-item-anchor\" aria-label=\"Syst\u00e8mes de rangement : Des solutions intelligentes pour une maison ordonn\u00e9e\"><\/a>\r\n\t\t\t\t\t\t<div class=\"w-post-elm post_image usg_post_image_1 has_ratio\"><img loading=\"lazy\" decoding=\"async\" width=\"877\" height=\"1024\" src=\"https:\/\/www.merlin.be\/wp-content\/uploads\/2025\/01\/Armoire-Metalique-37523-F-1-877x1024.jpg\" class=\"attachment-large size-large wp-post-image\" alt=\"\" \/><div style=\"padding-bottom:66.6667%\"><\/div><\/div><h5 class=\"w-post-elm post_title usg_post_title_1 has_text_color entry-title color_link_inherit\">Syst\u00e8mes de rangement : Des solutions intelligentes pour une maison ordonn\u00e9e<\/h5><p class=\"w-text usg_text_2 has_text_color icon_atleft\"><span class=\"w-text-h\"><i class=\"fas fa-plus\"><\/i><span class=\"w-text-value\">Lire plus<\/span><\/span><\/p>\t\t<\/div>\r\n\t\t\t<\/article>\r\n\t<article class=\"w-grid-item us_animate_afb size_1x1 post-10484 post type-post status-publish format-standard has-post-thumbnail hentry category-non-classifiee\" data-id=\"10484\" style=\"animation-delay:0.2s\">\r\n\t\t<div class=\"w-grid-item-h\">\r\n\t\t\t\t\t\t\t<a href=\"https:\/\/www.merlin.be\/fr\/des-solutions-de-rangement-fonctionnelles-pour-votre-chambre-a-coucher\/\" class=\"w-grid-item-anchor\" aria-label=\"Des solutions de rangement fonctionnelles pour votre chambre \u00e0 coucher\"><\/a>\r\n\t\t\t\t\t\t<div class=\"w-post-elm post_image usg_post_image_1 has_ratio\"><img loading=\"lazy\" decoding=\"async\" width=\"1024\" height=\"724\" src=\"https:\/\/www.merlin.be\/wp-content\/uploads\/2025\/01\/Garderobe-Imperial-5-1-1024x724.jpg\" class=\"attachment-large size-large wp-post-image\" alt=\"\" \/><div style=\"padding-bottom:66.6667%\"><\/div><\/div><h5 class=\"w-post-elm post_title usg_post_title_1 has_text_color entry-title color_link_inherit\">Des solutions de rangement fonctionnelles pour votre chambre \u00e0 coucher<\/h5><p class=\"w-text usg_text_2 has_text_color icon_atleft\"><span class=\"w-text-h\"><i class=\"fas fa-plus\"><\/i><span class=\"w-text-value\">Lire plus<\/span><\/span><\/p>\t\t<\/div>\r\n\t\t\t<\/article>\r\n\t<article class=\"w-grid-item us_animate_afb size_1x1 post-10478 post type-post status-publish format-standard has-post-thumbnail hentry category-non-classifiee\" data-id=\"10478\" style=\"animation-delay:0.3s\">\r\n\t\t<div class=\"w-grid-item-h\">\r\n\t\t\t\t\t\t\t<a href=\"https:\/\/www.merlin.be\/fr\/creez-le-salon-parfait-avec-votre-style-dinterieur-unique\/\" class=\"w-grid-item-anchor\" aria-label=\"Cr\u00e9ez le salon parfait avec votre style d&rsquo;int\u00e9rieur unique\"><\/a>\r\n\t\t\t\t\t\t<div class=\"w-post-elm post_image usg_post_image_1 has_ratio\"><img loading=\"lazy\" decoding=\"async\" width=\"1024\" height=\"768\" src=\"https:\/\/www.merlin.be\/wp-content\/uploads\/2025\/02\/Salon-De-Coin-Boa-1024x768.jpg\" class=\"attachment-large size-large wp-post-image\" alt=\"\" \/><div style=\"padding-bottom:66.6667%\"><\/div><\/div><h5 class=\"w-post-elm post_title usg_post_title_1 has_text_color entry-title color_link_inherit\">Cr\u00e9ez le salon parfait avec votre style d&rsquo;int\u00e9rieur unique<\/h5><p class=\"w-text usg_text_2 has_text_color icon_atleft\"><span class=\"w-text-h\"><i class=\"fas fa-plus\"><\/i><span class=\"w-text-value\">Lire plus<\/span><\/span><\/p>\t\t<\/div>\r\n\t\t\t<\/article>\r\n<\/div>\t<div class=\"w-grid-preloader\">\r\n\t\t<div class=\"g-preloader type_1\">\r\n\t\t\t<div><\/div>\r\n\t\t<\/div>\r\n\t<\/div>\r\n\t\t<div class=\"w-grid-json hidden\" onclick='return {&quot;action&quot;:&quot;us_ajax_grid&quot;,&quot;infinite_scroll&quot;:0,&quot;max_num_pages&quot;:1,&quot;pagination&quot;:&quot;none&quot;,&quot;template_vars&quot;:{&quot;columns&quot;:&quot;3&quot;,&quot;exclude_items&quot;:&quot;none&quot;,&quot;img_size&quot;:&quot;default&quot;,&quot;ignore_items_size&quot;:0,&quot;items_layout&quot;:&quot;698&quot;,&quot;items_offset&quot;:&quot;1&quot;,&quot;load_animation&quot;:&quot;afb&quot;,&quot;overriding_link&quot;:&quot;%7B%22type%22%3A%22post%22%7D&quot;,&quot;post_id&quot;:0,&quot;query_args&quot;:{&quot;post_type&quot;:[&quot;post&quot;],&quot;post_status&quot;:[&quot;publish&quot;,&quot;acf-disabled&quot;],&quot;posts_per_page&quot;:999},&quot;orderby_query_args&quot;:{&quot;orderby&quot;:{&quot;date&quot;:&quot;DESC&quot;}},&quot;type&quot;:&quot;grid&quot;,&quot;us_grid_post_type&quot;:&quot;post&quot;,&quot;us_grid_ajax_index&quot;:1,&quot;us_grid_filter_query_string&quot;:null,&quot;us_grid_index&quot;:1,&quot;page_args&quot;:[],&quot;lang&quot;:&quot;fr&quot;}}'><\/div>\r\n\t<\/div><\/div><\/div><\/div><\/div><\/div><\/section>\n","protected":false},"excerpt":{"rendered":"Cr\u00e9ez le salon parfait avec votre style d&rsquo;int\u00e9rieur uniqueD\u00e9corer son salon, c&rsquo;est avant tout trouver un style qui refl\u00e8te votre personnalit\u00e9 et qui cr\u00e9e une atmosph\u00e8re o\u00f9 l&rsquo;on se sent parfaitement \u00e0 l&rsquo;aise. Que vous aimiez le charme du vintage, la robustesse du design industriel ou les lignes \u00e9pur\u00e9es d&rsquo;un int\u00e9rieur moderne, vous trouverez chez...","protected":false},"author":1,"featured_media":0,"parent":0,"menu_order":11,"comment_status":"closed","ping_status":"closed","template":"","meta":{"_acf_changed":false,"footnotes":""},"class_list":["post-10351","page","type-page","status-publish","hentry"],"acf":[],"_links":{"self":[{"href":"https:\/\/www.merlin.be\/fr\/wp-json\/wp\/v2\/pages\/10351","targetHints":{"allow":["GET"]}}],"collection":[{"href":"https:\/\/www.merlin.be\/fr\/wp-json\/wp\/v2\/pages"}],"about":[{"href":"https:\/\/www.merlin.be\/fr\/wp-json\/wp\/v2\/types\/page"}],"author":[{"embeddable":true,"href":"https:\/\/www.merlin.be\/fr\/wp-json\/wp\/v2\/users\/1"}],"replies":[{"embeddable":true,"href":"https:\/\/www.merlin.be\/fr\/wp-json\/wp\/v2\/comments?post=10351"}],"version-history":[{"count":6,"href":"https:\/\/www.merlin.be\/fr\/wp-json\/wp\/v2\/pages\/10351\/revisions"}],"predecessor-version":[{"id":10845,"href":"https:\/\/www.merlin.be\/fr\/wp-json\/wp\/v2\/pages\/10351\/revisions\/10845"}],"wp:attachment":[{"href":"https:\/\/www.merlin.be\/fr\/wp-json\/wp\/v2\/media?parent=10351"}],"curies":[{"name":"wp","href":"https:\/\/api.w.org\/{rel}","templated":true}]}}